{"id":4558,"date":"2020-09-17T20:18:47","date_gmt":"2020-09-17T20:18:47","guid":{"rendered":"https:\/\/touchup.rs\/?post_type=product&#038;p=4558"},"modified":"2024-07-18T06:43:25","modified_gmt":"2024-07-18T06:43:25","slug":"334-glacier-gruen","status":"publish","type":"product","link":"https:\/\/touchup.rs\/en\/product\/334-glacier-gruen\/","title":{"rendered":"334 &#8211; GLACIER GRUEN"},"content":{"rendered":"","protected":false},"excerpt":{"rendered":"<p>Boja: 334 &#8211; GLACIER GRUEN<br \/>\nPakovanje: 10ml<\/p>\n<p>Za razliku od boje koja se pravi na mix sistemima, TouchUp je patentirani proizvod koji sadr\u017ei antikorozivnu za\u0161titu i sjaj, tako da mo\u017ee biti i osnovni i zavr\u0161ni sloj na Va\u0161im popravkama.<br \/>\nKompatibilan je i mo\u017ee se koristi na plastici i na svim vrstama materijala.<\/p>","protected":false},"featured_media":4563,"template":"","meta":[],"product_brand":[],"product_cat":[228],"product_tag":[],"class_list":{"0":"post-4558","1":"product","2":"type-product","3":"status-publish","4":"has-post-thumbnail","6":"product_cat-bmw","8":"first","9":"instock","10":"shipping-taxable","11":"purchasable","12":"product-type-simple"},"_links":{"self":[{"href":"https:\/\/touchup.rs\/en\/wp-json\/wp\/v2\/product\/4558","targetHints":{"allow":["GET"]}}],"collection":[{"href":"https:\/\/touchup.rs\/en\/wp-json\/wp\/v2\/product"}],"about":[{"href":"https:\/\/touchup.rs\/en\/wp-json\/wp\/v2\/types\/product"}],"wp:featuredmedia":[{"embeddable":true,"href":"https:\/\/touchup.rs\/en\/wp-json\/wp\/v2\/media\/4563"}],"wp:attachment":[{"href":"https:\/\/touchup.rs\/en\/wp-json\/wp\/v2\/media?parent=4558"}],"wp:term":[{"taxonomy":"product_brand","embeddable":true,"href":"https:\/\/touchup.rs\/en\/wp-json\/wp\/v2\/product_brand?post=4558"},{"taxonomy":"product_cat","embeddable":true,"href":"https:\/\/touchup.rs\/en\/wp-json\/wp\/v2\/product_cat?post=4558"},{"taxonomy":"product_tag","embeddable":true,"href":"https:\/\/touchup.rs\/en\/wp-json\/wp\/v2\/product_tag?post=4558"}],"curies":[{"name":"wp","href":"https:\/\/api.w.org\/{rel}","templated":true}]}}