{"id":6914,"date":"2020-10-07T09:32:53","date_gmt":"2020-10-07T09:32:53","guid":{"rendered":"https:\/\/touchup.rs\/?page_id=6914"},"modified":"2025-06-19T10:24:32","modified_gmt":"2025-06-19T10:24:32","slug":"isporuka-i-nacin-placanja","status":"publish","type":"page","link":"https:\/\/touchup.rs\/en\/isporuka-i-nacin-placanja\/","title":{"rendered":"ISPORUKA I NA\u010cIN PLA\u0106ANJA"},"content":{"rendered":"<div data-elementor-type=\"wp-page\" data-elementor-id=\"6914\" class=\"elementor elementor-6914\" data-elementor-post-type=\"page\">\n\t\t\t\t<div class=\"elementor-element elementor-element-5c5e9b52 e-flex e-con-boxed e-con e-parent\" data-id=\"5c5e9b52\" data-element_type=\"container\" data-e-type=\"container\">\n\t\t\t\t\t<div class=\"e-con-inner\">\n\t\t\t\t<div class=\"elementor-element elementor-element-16e496f elementor-widget elementor-widget-text-editor\" data-id=\"16e496f\" data-element_type=\"widget\" data-e-type=\"widget\" data-widget_type=\"text-editor.default\">\n\t\t\t\t<div class=\"elementor-widget-container\">\n\t\t\t\t\t\t\t\t\t<p><strong>Rok isporuke<\/strong><\/p><p>Period isporuke porud\u017ebine je 2-3 radna dana. Porud\u017ebine poslate \u010detvrtkom posle 14h bi\u0107e poslate u petak ali \u0107e tek biti isporu\u010dena na Va\u0161u adresu u ponedeljak jer os 01.06.2019 kurirske slu\u017ebe ne vr\u0161e isporuku po\u0161iljku subotom a porud\u017ebine poslate petkom posle 14h i vikendom bi\u0107e poslate u ponedeljak i bi\u0107e dostavljene u utorak na Va\u0161u adresu u vremenu od 08-17h. Porud\u017ebine poslate u vreme praznika bi\u0107e poslate prvog radnog dana posle praznika.<\/p><p><strong>Ka\u0161njenje isporuke<\/strong><\/p><p>U slu\u010daju ka\u0161njenja isporuke, kupac ima pravo da odustane od kupovine, i u tom slu\u010daju \u0107e sav novac biti vra\u0107en ako je pla\u0107eno unapred.<\/p><p><strong>Cena isporuke<\/strong><\/p><p>Naru\u010denu robu Vam \u0161aljemo kurirskom slu\u017ebom BEX, cena isporuke za kupovine do 3.000 dinara je 650 dinara fiksno, za kupovine preko 3.000 dinara cena dostave je GRATIS. Cena isporuke na teritoriji BEOGRADA je 650 dinara.<\/p><p>U slu\u010daju zamene robe nastale gre\u0161kom kupca, tro\u0161kove vra\u0107anja robe snosi KUPAC . U slu\u010daju gre\u0161ke prodavca, tro\u0161kove vra\u0107anja po\u0161iljke snosi PRODAVAC.<\/p><p>Mo\u017eemo podeliti Va\u0161u porud\u017ebinu prilikom isporuke na nekoliko delova u zavisnosti od raspolo\u017eivosti i dostupnosti robe na zalihama (mo\u017ee se desiti da je u nekoj drugoj radnji ili magacinu u drugom gradu). To kupcu ne\u0107e prouzrokovati nikakve dodatne tro\u0161kove.<\/p><p><strong>Procedura isporuke<\/strong><\/p><p>Po\u0161iljka sti\u017ee na adresu radnim danima (pon, uto, sre, \u010det i pet) u periodu od 08-17 sati. Potrebno je da u tom periodu na adresi bude osoba koja mo\u017ee preuzeti po\u0161iljku. Kurir svaku po\u0161iljku poku\u0161ava da uru\u010di u dva navrata. Ukoliko Vas kurir ne prona\u0111e na adresi, pozva\u0107e vas na telefon koji ste ostavili prilikom kreiranja porud\u017ebenice i dogovoriti novi termin isporuke. Ukoliko Vas ni drugi put ne prona\u0111e na adresi, po\u0161iljka se vra\u0107a u na\u0161e prostorije (PRODAVCU). Nakon pakovanja robe i predaje kurirskoj slu\u017ebi BEX na mejl \u0107e Vam biti poslato obave\u0161tenje o brojevima paketa i link preko koga mo\u017eete pratiti status po\u0161iljke.<\/p><p>NAPOMENA: Kurirske slu\u017ebe od 01.06.2019 godine ne isporu\u010duju pakete SUBOTOM.<br \/>Roba poru\u010dena \u010detvrtkom posle 14h i petkom do14h \u0161alje se petkom i na isporuci kod Vas su u PONEDELJAK.<\/p><p>Prilikom preuzimanja po\u0161iljke potrebno je vizuelno pregledati paket, da ne postoaje slu\u010dajno vidna o\u0161te\u0107enja. Ukoliko primetite da je transpornta kutija zna\u010dajno o\u0161te\u0107ena i posumnjate da je proizvod mo\u017eda o\u0161te\u0107en, imate prava da odbijete prijem po\u0161iljke. Ukoliko je po\u0161iljka na izgled bez o\u0161te\u0107enja slobodno preuzmite po\u0161iljku i potpi\u0161ite kuriru adresnicu.<\/p><p><strong>PLA\u0106ANJE<\/strong><\/p><p>Pla\u0107enje se vr\u0161i gotovinski u dinarima prilikom isporuke. Novac dajete na ruke kuriru kurirske slu\u017ebe BEX.<\/p>\t\t\t\t\t\t\t\t<\/div>\n\t\t\t\t<\/div>\n\t\t\t\t\t<\/div>\n\t\t\t\t<\/div>\n\t\t\t\t<\/div>","protected":false},"excerpt":{"rendered":"<p>Rok isporuke Period isporuke porud\u017ebine je 2-3 radna dana. Porud\u017ebine poslate \u010detvrtkom posle 14h bi\u0107e poslate u petak ali \u0107e tek biti isporu\u010dena na Va\u0161u adresu u ponedeljak jer os 01.06.2019 kurirske slu\u017ebe ne vr\u0161e isporuku po\u0161iljku subotom a porud\u017ebine poslate petkom posle 14h i vikendom bi\u0107e poslate u ponedeljak i bi\u0107e dostavljene u utorak [&hellip;]<\/p>\n","protected":false},"author":1,"featured_media":0,"parent":0,"menu_order":0,"comment_status":"closed","ping_status":"closed","template":"","meta":{"footnotes":""},"class_list":["post-6914","page","type-page","status-publish","hentry"],"_links":{"self":[{"href":"https:\/\/touchup.rs\/en\/wp-json\/wp\/v2\/pages\/6914","targetHints":{"allow":["GET"]}}],"collection":[{"href":"https:\/\/touchup.rs\/en\/wp-json\/wp\/v2\/pages"}],"about":[{"href":"https:\/\/touchup.rs\/en\/wp-json\/wp\/v2\/types\/page"}],"author":[{"embeddable":true,"href":"https:\/\/touchup.rs\/en\/wp-json\/wp\/v2\/users\/1"}],"replies":[{"embeddable":true,"href":"https:\/\/touchup.rs\/en\/wp-json\/wp\/v2\/comments?post=6914"}],"version-history":[{"count":0,"href":"https:\/\/touchup.rs\/en\/wp-json\/wp\/v2\/pages\/6914\/revisions"}],"wp:attachment":[{"href":"https:\/\/touchup.rs\/en\/wp-json\/wp\/v2\/media?parent=6914"}],"curies":[{"name":"wp","href":"https:\/\/api.w.org\/{rel}","templated":true}]}}