{"id":6686,"date":"2020-10-05T20:42:57","date_gmt":"2020-10-05T20:42:57","guid":{"rendered":"https:\/\/touchup.rs\/?page_id=6686"},"modified":"2020-10-05T20:42:57","modified_gmt":"2020-10-05T20:42:57","slug":"smart-2","status":"publish","type":"page","link":"https:\/\/touchup.rs\/en\/smart-2\/","title":{"rendered":"SMART"},"content":{"rendered":"<p><div  class=\"section-element\"><div class=\"row\"><div class=\"large-12 nasa-col columns\"><div  class=\"wpb_text_column wpb_content_element\"><h3 style=\"text-align: center;\">Na slici su obele\u017eena mesta sa kojih mo\u017eete pro\u010ditati fabri\u010dki kod boje Va\u0161eg automobila.<\/h3>\n<\/div><div class=\"nasa-image-wrap text-center\"><img fetchpriority=\"high\" decoding=\"async\" class=\"nasa-image\" src=\"https:\/\/touchup.rs\/wp-content\/uploads\/2020\/10\/SMART.jpg\" alt=\"\" width=\"1214\" height=\"452\" \/><\/div><\/div><\/div><\/div><div  class=\"section-element\"><div class=\"row\"><div class=\"large-12 nasa-col columns\"><div class=\"woocommerce columns-4\">\r\n<div class=\"nasa-content-page-products nasa-modern-6\">\r\n    <ul class=\"products grid large-block-grid-4 small-block-grid-2 medium-block-grid-3\" data-columns_small=\"2\" data-columns_medium=\"3\">\r\n<li class=\"product-warp-item\">\r\n<div class=\"product type-product post-8288 status-publish first instock product_cat-smart has-post-thumbnail shipping-taxable purchasable product-type-simple product-item grid hover-fade\">\r\n\r\n    \r\n    <div class=\"product-img-wrap\">\r\n        <div class=\"nasa-sc-pdeal-countdown hidden-tag\"><\/div><div class=\"nasa-product-grid nasa-group-btns nasa-btns-product-item\"><a href=\"\/en\/wp-json\/wp\/v2\/pages\/6686?add-to-cart=8288\" data-quantity=\"1\" class=\"button product_type_simple add_to_cart_button ajax_add_to_cart add-to-cart-grid btn-link nasa-tip\" data-product_id=\"8288\" data-product_sku=\"\" aria-label=\"Add to cart: \u201cC48L\/KNH - HALO SILVER\u201d\" rel=\"nofollow\" data-success_message=\"\u201cC48L\/KNH - HALO SILVER\u201d has been added to your cart\" title=\"Add to cart\" role=\"button\" data-no-translation-aria-label=\"\" data-no-translation-data-success_message=\"\" data-no-translation-title=\"\"><span class=\"add_to_cart_text\" data-no-translation=\"\" data-trp-gettext=\"\">Add to cart<\/span><span class=\"nasa-icon cart-icon nasa-flex jc\"><svg width=\"20\" height=\"20\" viewbox=\"0 0 32 32\" fill=\"currentColor\"><path d=\"M3.205 3.205v25.59h25.59v-25.59h-25.59zM27.729 27.729h-23.457v-23.457h23.457v23.457z\" \/><path d=\"M9.068 13.334c0 3.828 3.104 6.931 6.931 6.931s6.93-3.102 6.93-6.931v-3.732h1.067v-1.066h-3.199v1.066h1.065v3.732c0 3.234-2.631 5.864-5.864 5.864-3.234 0-5.865-2.631-5.865-5.864v-3.732h1.067v-1.066h-3.199v1.066h1.065v3.732z\"\/><\/svg><\/span><\/a><a href=\"javascript:void(0);\" class=\"quick-view btn-link quick-view-icon nasa-tip nasa-tip-left\" data-prod=\"8288\" data-icon-text=\"Quick View\" title=\"Quick View\" data-product_type=\"simple\" data-href=\"https:\/\/touchup.rs\/en\/product\/c48l-knh-halo-silver\/\" rel=\"nofollow\"><svg  class=\"nasa-icon\" xmlns=\"http:\/\/www.w3.org\/2000\/svg\" xmlns:xlink=\"http:\/\/www.w3.org\/1999\/xlink\" version=\"1.1\" width=\"20\" height=\"36\" viewbox=\"0 0 32 32\" fill=\"currentColor\">\r\n        <path d=\"M16 6.404c-5.847 0-10.404 3.66-15.994 9.593 4.816 5.073 8.857 9.6 15.994 9.6s12.382-5.73 15.994-9.492c-3.697-4.407-8.943-9.7-15.994-9.7zM16 24.53c-6.336 0-10.16-3.929-14.524-8.532 5.192-5.414 9.32-8.527 14.524-8.527 6.161 0 10.975 4.443 14.558 8.591-3.523 3.674-8.293 8.469-14.558 8.469z\" \/>\r\n        <path d=\"M16 9.603c-3.528 0-6.398 2.87-6.398 6.397s2.87 6.397 6.398 6.397 6.398-2.87 6.398-6.397-2.87-6.397-6.398-6.397zM16 21.331c-2.939 0-5.331-2.391-5.331-5.331s2.392-5.331 5.331-5.331 5.331 2.391 5.331 5.331c0 2.939-2.392 5.331-5.331 5.331z\" \/>\r\n        <path d=\"M16 12.268c-2.058 0-3.732 1.674-3.732 3.732s1.674 3.732 3.732 3.732c2.058 0 3.732-1.674 3.732-3.732s-1.674-3.732-3.732-3.732zM16 18.666c-1.47 0-2.666-1.196-2.666-2.666s1.196-2.666 2.666-2.666 2.666 1.196 2.666 2.666c0 1.47-1.196 2.666-2.666 2.666z\" \/>\r\n        <\/svg><\/a><\/div>\r\n\r\n<a class=\"product-img nasa-no-effect\" href=\"https:\/\/touchup.rs\/en\/product\/c48l-knh-halo-silver\/\" title=\"C48L\/KNH - HALO SILVER\">\r\n    <div class=\"main-img\">\r\n        <img decoding=\"async\" width=\"450\" height=\"450\" src=\"https:\/\/touchup.rs\/wp-content\/uploads\/2020\/10\/C48L-450x450.jpg\" class=\"attachment-woocommerce_thumbnail size-woocommerce_thumbnail\" alt=\"C48L\/KNH - HALO SILVER\" srcset=\"https:\/\/touchup.rs\/wp-content\/uploads\/2020\/10\/C48L-450x450.jpg 450w, https:\/\/touchup.rs\/wp-content\/uploads\/2020\/10\/C48L-100x100.jpg 100w, https:\/\/touchup.rs\/wp-content\/uploads\/2020\/10\/C48L-300x300.jpg 300w, https:\/\/touchup.rs\/wp-content\/uploads\/2020\/10\/C48L-150x150.jpg 150w, https:\/\/touchup.rs\/wp-content\/uploads\/2020\/10\/C48L.jpg 500w\" sizes=\"(max-width: 450px) 100vw, 450px\" \/>    <\/div>\r\n\r\n    <\/a>    <\/div>\r\n\r\n    <div class=\"product-info-wrap info\">\r\n                \r\n        <a class=\"name woocommerce-loop-product__title nasa-show-one-line\" href=\"https:\/\/touchup.rs\/en\/product\/c48l-knh-halo-silver\/\" title=\"C48L\/KNH - HALO SILVER\">\r\n            C48L\/KNH &#8211; HALO SILVER        <\/a>\r\n            \n\t<span class=\"price\"><span class=\"woocommerce-Price-amount amount\"><bdi>890.00&nbsp;<span class=\"woocommerce-Price-currencySymbol\">rsd<\/span><\/bdi><\/span><\/span>\n<div class=\"info_main product-des-wrap product-des\"><p>Boja: C48L\/KNH &#8211; HALO SILVER<br \/>\nPakovanje: 10ml<\/p>\n<\/div>    <\/div>\r\n\r\n    \r\n<\/div>\r\n\r\n<\/li><\/ul>\r\n<\/div>\r\n<\/div><\/div><\/div><\/div><\/p>","protected":false},"excerpt":{"rendered":"","protected":false},"author":1,"featured_media":0,"parent":0,"menu_order":0,"comment_status":"closed","ping_status":"closed","template":"","meta":{"footnotes":""},"class_list":["post-6686","page","type-page","status-publish","hentry"],"_links":{"self":[{"href":"https:\/\/touchup.rs\/en\/wp-json\/wp\/v2\/pages\/6686","targetHints":{"allow":["GET"]}}],"collection":[{"href":"https:\/\/touchup.rs\/en\/wp-json\/wp\/v2\/pages"}],"about":[{"href":"https:\/\/touchup.rs\/en\/wp-json\/wp\/v2\/types\/page"}],"author":[{"embeddable":true,"href":"https:\/\/touchup.rs\/en\/wp-json\/wp\/v2\/users\/1"}],"replies":[{"embeddable":true,"href":"https:\/\/touchup.rs\/en\/wp-json\/wp\/v2\/comments?post=6686"}],"version-history":[{"count":0,"href":"https:\/\/touchup.rs\/en\/wp-json\/wp\/v2\/pages\/6686\/revisions"}],"wp:attachment":[{"href":"https:\/\/touchup.rs\/en\/wp-json\/wp\/v2\/media?parent=6686"}],"curies":[{"name":"wp","href":"https:\/\/api.w.org\/{rel}","templated":true}]}}